{"id":18,"date":"2024-01-17T08:49:36","date_gmt":"2024-01-17T08:49:36","guid":{"rendered":"https:\/\/jelove-confiseries.com\/?page_id=18"},"modified":"2024-02-16T09:04:36","modified_gmt":"2024-02-16T09:04:36","slug":"gateaux","status":"publish","type":"page","link":"https:\/\/jelove-confiseries.com\/index.php\/gateaux\/","title":{"rendered":"G\u00e2teaux"},"content":{"rendered":"\t\t<div data-elementor-type=\"wp-page\" data-elementor-id=\"18\" class=\"elementor elementor-18\" data-elementor-post-type=\"page\">\n\t\t\t\t\t\t\t\t\t<section class=\"elementor-section elementor-top-section elementor-element elementor-element-3fdfe25 elementor-section-boxed elementor-section-height-default elementor-section-height-default\" data-id=\"3fdfe25\" data-element_type=\"section\" data-settings=\"{&quot;background_background&quot;:&quot;classic&quot;}\">\n\t\t\t\t\t\t\t<div class=\"elementor-background-overlay\"><\/div>\n\t\t\t\t\t\t\t<div class=\"elementor-container elementor-column-gap-default\">\n\t\t\t\t\t<div class=\"elementor-column elementor-col-100 elementor-top-column elementor-element elementor-element-91d6395\" data-id=\"91d6395\" data-element_type=\"column\">\n\t\t\t<div class=\"elementor-widget-wrap elementor-element-populated\">\n\t\t\t\t\t\t\t\t<section class=\"elementor-section elementor-inner-section elementor-element elementor-element-7cce27a elementor-section-boxed elementor-section-height-default elementor-section-height-default\" data-id=\"7cce27a\" data-element_type=\"section\">\n\t\t\t\t\t\t<div class=\"elementor-container elementor-column-gap-default\">\n\t\t\t\t\t<div class=\"elementor-column elementor-col-33 elementor-inner-column elementor-element elementor-element-8de2d2c\" data-id=\"8de2d2c\" data-element_type=\"column\">\n\t\t\t<div class=\"elementor-widget-wrap elementor-element-populated\">\n\t\t\t\t\t\t\t\t<div class=\"elementor-element elementor-element-8e2f32f elementor-widget elementor-widget-image\" data-id=\"8e2f32f\" data-element_type=\"widget\" data-widget_type=\"image.default\">\n\t\t\t\t<div class=\"elementor-widget-container\">\n\t\t\t<style>\/*! elementor - v3.18.0 - 20-12-2023 *\/\n.elementor-widget-image{text-align:center}.elementor-widget-image a{display:inline-block}.elementor-widget-image a img[src$=\".svg\"]{width:48px}.elementor-widget-image img{vertical-align:middle;display:inline-block}<\/style>\t\t\t\t\t\t\t\t\t\t\t\t<img fetchpriority=\"high\" decoding=\"async\" width=\"291\" height=\"300\" src=\"https:\/\/jelove-confiseries.com\/wp-content\/uploads\/2024\/01\/gateaux-fruits-rouges-291x300.webp\" class=\"elementor-animation-grow attachment-medium size-medium wp-image-315\" alt=\"\" srcset=\"https:\/\/jelove-confiseries.com\/wp-content\/uploads\/2024\/01\/gateaux-fruits-rouges-291x300.webp 291w, https:\/\/jelove-confiseries.com\/wp-content\/uploads\/2024\/01\/gateaux-fruits-rouges.webp 637w\" sizes=\"(max-width: 291px) 100vw, 291px\" \/>\t\t\t\t\t\t\t\t\t\t\t\t\t\t\t<\/div>\n\t\t\t\t<\/div>\n\t\t\t\t<div class=\"elementor-element elementor-element-445abc8 elementor-invisible elementor-widget elementor-widget-heading\" data-id=\"445abc8\" data-element_type=\"widget\" data-settings=\"{&quot;_animation&quot;:&quot;fadeInDown&quot;}\" data-widget_type=\"heading.default\">\n\t\t\t\t<div class=\"elementor-widget-container\">\n\t\t\t<style>\/*! elementor - v3.18.0 - 20-12-2023 *\/\n.elementor-heading-title{padding:0;margin:0;line-height:1}.elementor-widget-heading .elementor-heading-title[class*=elementor-size-]>a{color:inherit;font-size:inherit;line-height:inherit}.elementor-widget-heading .elementor-heading-title.elementor-size-small{font-size:15px}.elementor-widget-heading .elementor-heading-title.elementor-size-medium{font-size:19px}.elementor-widget-heading .elementor-heading-title.elementor-size-large{font-size:29px}.elementor-widget-heading .elementor-heading-title.elementor-size-xl{font-size:39px}.elementor-widget-heading .elementor-heading-title.elementor-size-xxl{font-size:59px}<\/style><h2 class=\"elementor-heading-title elementor-size-default\">G\u00e2teau fruits rouges<\/h2>\t\t<\/div>\n\t\t\t\t<\/div>\n\t\t\t\t\t<\/div>\n\t\t<\/div>\n\t\t\t\t<div class=\"elementor-column elementor-col-33 elementor-inner-column elementor-element elementor-element-dbc8c82\" data-id=\"dbc8c82\" data-element_type=\"column\">\n\t\t\t<div class=\"elementor-widget-wrap elementor-element-populated\">\n\t\t\t\t\t\t\t\t<div class=\"elementor-element elementor-element-c51f48b elementor-widget elementor-widget-image\" data-id=\"c51f48b\" data-element_type=\"widget\" data-widget_type=\"image.default\">\n\t\t\t\t<div class=\"elementor-widget-container\">\n\t\t\t\t\t\t\t\t\t\t\t\t\t\t\t<img decoding=\"async\" width=\"300\" height=\"290\" src=\"https:\/\/jelove-confiseries.com\/wp-content\/uploads\/2024\/01\/gateaux-sport-300x290.webp\" class=\"elementor-animation-grow attachment-medium size-medium wp-image-316\" alt=\"\" srcset=\"https:\/\/jelove-confiseries.com\/wp-content\/uploads\/2024\/01\/gateaux-sport-300x290.webp 300w, https:\/\/jelove-confiseries.com\/wp-content\/uploads\/2024\/01\/gateaux-sport.webp 659w\" sizes=\"(max-width: 300px) 100vw, 300px\" \/>\t\t\t\t\t\t\t\t\t\t\t\t\t\t\t<\/div>\n\t\t\t\t<\/div>\n\t\t\t\t<div class=\"elementor-element elementor-element-a06c457 elementor-invisible elementor-widget elementor-widget-heading\" data-id=\"a06c457\" data-element_type=\"widget\" data-settings=\"{&quot;_animation&quot;:&quot;fadeInDown&quot;}\" data-widget_type=\"heading.default\">\n\t\t\t\t<div class=\"elementor-widget-container\">\n\t\t\t<h2 class=\"elementor-heading-title elementor-size-default\">G\u00e2teau sport<\/h2>\t\t<\/div>\n\t\t\t\t<\/div>\n\t\t\t\t\t<\/div>\n\t\t<\/div>\n\t\t\t\t<div class=\"elementor-column elementor-col-33 elementor-inner-column elementor-element elementor-element-08f218d\" data-id=\"08f218d\" data-element_type=\"column\">\n\t\t\t<div class=\"elementor-widget-wrap elementor-element-populated\">\n\t\t\t\t\t\t\t\t<div class=\"elementor-element elementor-element-20839d1 elementor-widget elementor-widget-image\" data-id=\"20839d1\" data-element_type=\"widget\" data-widget_type=\"image.default\">\n\t\t\t\t<div class=\"elementor-widget-container\">\n\t\t\t\t\t\t\t\t\t\t\t\t\t\t\t<img decoding=\"async\" width=\"300\" height=\"288\" src=\"https:\/\/jelove-confiseries.com\/wp-content\/uploads\/2024\/01\/gateau-anniversaire-300x288.webp\" class=\"elementor-animation-grow attachment-medium size-medium wp-image-308\" alt=\"\" srcset=\"https:\/\/jelove-confiseries.com\/wp-content\/uploads\/2024\/01\/gateau-anniversaire-300x288.webp 300w, https:\/\/jelove-confiseries.com\/wp-content\/uploads\/2024\/01\/gateau-anniversaire.webp 710w\" sizes=\"(max-width: 300px) 100vw, 300px\" \/>\t\t\t\t\t\t\t\t\t\t\t\t\t\t\t<\/div>\n\t\t\t\t<\/div>\n\t\t\t\t<div class=\"elementor-element elementor-element-c27bafd elementor-invisible elementor-widget elementor-widget-heading\" data-id=\"c27bafd\" data-element_type=\"widget\" data-settings=\"{&quot;_animation&quot;:&quot;fadeInDown&quot;}\" data-widget_type=\"heading.default\">\n\t\t\t\t<div class=\"elementor-widget-container\">\n\t\t\t<h2 class=\"elementor-heading-title elementor-size-default\">G\u00e2teau anniversaire<\/h2>\t\t<\/div>\n\t\t\t\t<\/div>\n\t\t\t\t\t<\/div>\n\t\t<\/div>\n\t\t\t\t\t\t\t<\/div>\n\t\t<\/section>\n\t\t\t\t<section class=\"elementor-section elementor-inner-section elementor-element elementor-element-d986861 elementor-section-boxed elementor-section-height-default elementor-section-height-default\" data-id=\"d986861\" data-element_type=\"section\">\n\t\t\t\t\t\t<div class=\"elementor-container elementor-column-gap-default\">\n\t\t\t\t\t<div class=\"elementor-column elementor-col-33 elementor-inner-column elementor-element elementor-element-86a8e60\" data-id=\"86a8e60\" data-element_type=\"column\">\n\t\t\t<div class=\"elementor-widget-wrap elementor-element-populated\">\n\t\t\t\t\t\t\t\t<div class=\"elementor-element elementor-element-4f8e342 elementor-widget elementor-widget-image\" data-id=\"4f8e342\" data-element_type=\"widget\" data-widget_type=\"image.default\">\n\t\t\t\t<div class=\"elementor-widget-container\">\n\t\t\t\t\t\t\t\t\t\t\t\t\t\t\t<img loading=\"lazy\" decoding=\"async\" width=\"292\" height=\"300\" src=\"https:\/\/jelove-confiseries.com\/wp-content\/uploads\/2024\/01\/gateau-lutins-292x300.webp\" class=\"elementor-animation-grow attachment-medium size-medium wp-image-313\" alt=\"\" srcset=\"https:\/\/jelove-confiseries.com\/wp-content\/uploads\/2024\/01\/gateau-lutins-292x300.webp 292w, https:\/\/jelove-confiseries.com\/wp-content\/uploads\/2024\/01\/gateau-lutins.webp 687w\" sizes=\"(max-width: 292px) 100vw, 292px\" \/>\t\t\t\t\t\t\t\t\t\t\t\t\t\t\t<\/div>\n\t\t\t\t<\/div>\n\t\t\t\t<div class=\"elementor-element elementor-element-370609f elementor-invisible elementor-widget elementor-widget-heading\" data-id=\"370609f\" data-element_type=\"widget\" data-settings=\"{&quot;_animation&quot;:&quot;fadeInDown&quot;}\" data-widget_type=\"heading.default\">\n\t\t\t\t<div class=\"elementor-widget-container\">\n\t\t\t<h2 class=\"elementor-heading-title elementor-size-default\">G\u00e2teau lutins<\/h2>\t\t<\/div>\n\t\t\t\t<\/div>\n\t\t\t\t\t<\/div>\n\t\t<\/div>\n\t\t\t\t<div class=\"elementor-column elementor-col-33 elementor-inner-column elementor-element elementor-element-d961a14\" data-id=\"d961a14\" data-element_type=\"column\">\n\t\t\t<div class=\"elementor-widget-wrap elementor-element-populated\">\n\t\t\t\t\t\t\t\t<div class=\"elementor-element elementor-element-a0ec5a9 elementor-widget elementor-widget-image\" data-id=\"a0ec5a9\" data-element_type=\"widget\" data-widget_type=\"image.default\">\n\t\t\t\t<div class=\"elementor-widget-container\">\n\t\t\t\t\t\t\t\t\t\t\t\t\t\t\t<img loading=\"lazy\" decoding=\"async\" width=\"285\" height=\"300\" src=\"https:\/\/jelove-confiseries.com\/wp-content\/uploads\/2024\/01\/gateau-dela-ferme-285x300.webp\" class=\"elementor-animation-grow attachment-medium size-medium wp-image-309\" alt=\"\" srcset=\"https:\/\/jelove-confiseries.com\/wp-content\/uploads\/2024\/01\/gateau-dela-ferme-285x300.webp 285w, https:\/\/jelove-confiseries.com\/wp-content\/uploads\/2024\/01\/gateau-dela-ferme.webp 658w\" sizes=\"(max-width: 285px) 100vw, 285px\" \/>\t\t\t\t\t\t\t\t\t\t\t\t\t\t\t<\/div>\n\t\t\t\t<\/div>\n\t\t\t\t<div class=\"elementor-element elementor-element-b3dae59 elementor-invisible elementor-widget elementor-widget-heading\" data-id=\"b3dae59\" data-element_type=\"widget\" data-settings=\"{&quot;_animation&quot;:&quot;fadeInDown&quot;}\" data-widget_type=\"heading.default\">\n\t\t\t\t<div class=\"elementor-widget-container\">\n\t\t\t<h2 class=\"elementor-heading-title elementor-size-default\">G\u00e2teau de la ferme<\/h2>\t\t<\/div>\n\t\t\t\t<\/div>\n\t\t\t\t\t<\/div>\n\t\t<\/div>\n\t\t\t\t<div class=\"elementor-column elementor-col-33 elementor-inner-column elementor-element elementor-element-1623220\" data-id=\"1623220\" data-element_type=\"column\">\n\t\t\t<div class=\"elementor-widget-wrap elementor-element-populated\">\n\t\t\t\t\t\t\t\t<div class=\"elementor-element elementor-element-c61cdec elementor-widget elementor-widget-image\" data-id=\"c61cdec\" data-element_type=\"widget\" data-widget_type=\"image.default\">\n\t\t\t\t<div class=\"elementor-widget-container\">\n\t\t\t\t\t\t\t\t\t\t\t\t\t\t\t<img loading=\"lazy\" decoding=\"async\" width=\"300\" height=\"294\" src=\"https:\/\/jelove-confiseries.com\/wp-content\/uploads\/2024\/01\/gateau-des-iles-300x294.webp\" class=\"elementor-animation-grow attachment-medium size-medium wp-image-310\" alt=\"\" srcset=\"https:\/\/jelove-confiseries.com\/wp-content\/uploads\/2024\/01\/gateau-des-iles-300x294.webp 300w, https:\/\/jelove-confiseries.com\/wp-content\/uploads\/2024\/01\/gateau-des-iles.webp 698w\" sizes=\"(max-width: 300px) 100vw, 300px\" \/>\t\t\t\t\t\t\t\t\t\t\t\t\t\t\t<\/div>\n\t\t\t\t<\/div>\n\t\t\t\t<div class=\"elementor-element elementor-element-b21368c elementor-invisible elementor-widget elementor-widget-heading\" data-id=\"b21368c\" data-element_type=\"widget\" data-settings=\"{&quot;_animation&quot;:&quot;fadeInDown&quot;}\" data-widget_type=\"heading.default\">\n\t\t\t\t<div class=\"elementor-widget-container\">\n\t\t\t<h2 class=\"elementor-heading-title elementor-size-default\">G\u00e2teau des \u00eeles<\/h2>\t\t<\/div>\n\t\t\t\t<\/div>\n\t\t\t\t\t<\/div>\n\t\t<\/div>\n\t\t\t\t\t\t\t<\/div>\n\t\t<\/section>\n\t\t\t\t<section class=\"elementor-section elementor-inner-section elementor-element elementor-element-fc2ea18 elementor-section-boxed elementor-section-height-default elementor-section-height-default\" data-id=\"fc2ea18\" data-element_type=\"section\">\n\t\t\t\t\t\t<div class=\"elementor-container elementor-column-gap-default\">\n\t\t\t\t\t<div class=\"elementor-column elementor-col-33 elementor-inner-column elementor-element elementor-element-65c260c\" data-id=\"65c260c\" data-element_type=\"column\">\n\t\t\t<div class=\"elementor-widget-wrap elementor-element-populated\">\n\t\t\t\t\t\t\t\t<div class=\"elementor-element elementor-element-c363deb elementor-widget elementor-widget-image\" data-id=\"c363deb\" data-element_type=\"widget\" data-widget_type=\"image.default\">\n\t\t\t\t<div class=\"elementor-widget-container\">\n\t\t\t\t\t\t\t\t\t\t\t\t\t\t\t<img loading=\"lazy\" decoding=\"async\" width=\"290\" height=\"300\" src=\"https:\/\/jelove-confiseries.com\/wp-content\/uploads\/2024\/01\/gateau-gourmand-290x300.webp\" class=\"elementor-animation-grow attachment-medium size-medium wp-image-311\" alt=\"\" srcset=\"https:\/\/jelove-confiseries.com\/wp-content\/uploads\/2024\/01\/gateau-gourmand-290x300.webp 290w, https:\/\/jelove-confiseries.com\/wp-content\/uploads\/2024\/01\/gateau-gourmand.webp 694w\" sizes=\"(max-width: 290px) 100vw, 290px\" \/>\t\t\t\t\t\t\t\t\t\t\t\t\t\t\t<\/div>\n\t\t\t\t<\/div>\n\t\t\t\t<div class=\"elementor-element elementor-element-2adb211 elementor-invisible elementor-widget elementor-widget-heading\" data-id=\"2adb211\" data-element_type=\"widget\" data-settings=\"{&quot;_animation&quot;:&quot;fadeInDown&quot;}\" data-widget_type=\"heading.default\">\n\t\t\t\t<div class=\"elementor-widget-container\">\n\t\t\t<h2 class=\"elementor-heading-title elementor-size-default\">G\u00e2teau gourmand<\/h2>\t\t<\/div>\n\t\t\t\t<\/div>\n\t\t\t\t\t<\/div>\n\t\t<\/div>\n\t\t\t\t<div class=\"elementor-column elementor-col-33 elementor-inner-column elementor-element elementor-element-a8312e8\" data-id=\"a8312e8\" data-element_type=\"column\">\n\t\t\t<div class=\"elementor-widget-wrap elementor-element-populated\">\n\t\t\t\t\t\t\t\t<div class=\"elementor-element elementor-element-6f5073d elementor-widget elementor-widget-image\" data-id=\"6f5073d\" data-element_type=\"widget\" data-widget_type=\"image.default\">\n\t\t\t\t<div class=\"elementor-widget-container\">\n\t\t\t\t\t\t\t\t\t\t\t\t\t\t\t<img loading=\"lazy\" decoding=\"async\" width=\"278\" height=\"300\" src=\"https:\/\/jelove-confiseries.com\/wp-content\/uploads\/2024\/01\/gateau-junior-278x300.webp\" class=\"elementor-animation-grow attachment-medium size-medium wp-image-312\" alt=\"\" srcset=\"https:\/\/jelove-confiseries.com\/wp-content\/uploads\/2024\/01\/gateau-junior-278x300.webp 278w, https:\/\/jelove-confiseries.com\/wp-content\/uploads\/2024\/01\/gateau-junior.webp 675w\" sizes=\"(max-width: 278px) 100vw, 278px\" \/>\t\t\t\t\t\t\t\t\t\t\t\t\t\t\t<\/div>\n\t\t\t\t<\/div>\n\t\t\t\t<div class=\"elementor-element elementor-element-951394a elementor-invisible elementor-widget elementor-widget-heading\" data-id=\"951394a\" data-element_type=\"widget\" data-settings=\"{&quot;_animation&quot;:&quot;fadeInDown&quot;}\" data-widget_type=\"heading.default\">\n\t\t\t\t<div class=\"elementor-widget-container\">\n\t\t\t<h2 class=\"elementor-heading-title elementor-size-default\">G\u00e2teau junior<\/h2>\t\t<\/div>\n\t\t\t\t<\/div>\n\t\t\t\t\t<\/div>\n\t\t<\/div>\n\t\t\t\t<div class=\"elementor-column elementor-col-33 elementor-inner-column elementor-element elementor-element-4aa7216\" data-id=\"4aa7216\" data-element_type=\"column\">\n\t\t\t<div class=\"elementor-widget-wrap elementor-element-populated\">\n\t\t\t\t\t\t\t\t<div class=\"elementor-element elementor-element-d4cdec1 elementor-widget elementor-widget-image\" data-id=\"d4cdec1\" data-element_type=\"widget\" data-widget_type=\"image.default\">\n\t\t\t\t<div class=\"elementor-widget-container\">\n\t\t\t\t\t\t\t\t\t\t\t\t\t\t\t<img loading=\"lazy\" decoding=\"async\" width=\"296\" height=\"300\" src=\"https:\/\/jelove-confiseries.com\/wp-content\/uploads\/2024\/01\/gateau-tendresse-296x300.webp\" class=\"elementor-animation-grow attachment-medium size-medium wp-image-314\" alt=\"\" srcset=\"https:\/\/jelove-confiseries.com\/wp-content\/uploads\/2024\/01\/gateau-tendresse-296x300.webp 296w, https:\/\/jelove-confiseries.com\/wp-content\/uploads\/2024\/01\/gateau-tendresse.webp 684w\" sizes=\"(max-width: 296px) 100vw, 296px\" \/>\t\t\t\t\t\t\t\t\t\t\t\t\t\t\t<\/div>\n\t\t\t\t<\/div>\n\t\t\t\t<div class=\"elementor-element elementor-element-0d6fef2 elementor-invisible elementor-widget elementor-widget-heading\" data-id=\"0d6fef2\" data-element_type=\"widget\" data-settings=\"{&quot;_animation&quot;:&quot;fadeInDown&quot;}\" data-widget_type=\"heading.default\">\n\t\t\t\t<div class=\"elementor-widget-container\">\n\t\t\t<h2 class=\"elementor-heading-title elementor-size-default\">G\u00e2teau tendresse<\/h2>\t\t<\/div>\n\t\t\t\t<\/div>\n\t\t\t\t\t<\/div>\n\t\t<\/div>\n\t\t\t\t\t\t\t<\/div>\n\t\t<\/section>\n\t\t\t\t\t<\/div>\n\t\t<\/div>\n\t\t\t\t\t\t\t<\/div>\n\t\t<\/section>\n\t\t\t\t\t\t\t<\/div>\n\t\t","protected":false},"excerpt":{"rendered":"<p>G\u00e2teau fruits rouges G\u00e2teau sport G\u00e2teau anniversaire G\u00e2teau lutins G\u00e2teau de la ferme G\u00e2teau des \u00eeles G\u00e2teau gourmand G\u00e2teau junior G\u00e2teau tendresse<\/p>\n","protected":false},"author":1,"featured_media":0,"parent":0,"menu_order":0,"comment_status":"closed","ping_status":"closed","template":"","meta":{"footnotes":""},"class_list":["post-18","page","type-page","status-publish","hentry"],"_links":{"self":[{"href":"https:\/\/jelove-confiseries.com\/index.php\/wp-json\/wp\/v2\/pages\/18","targetHints":{"allow":["GET"]}}],"collection":[{"href":"https:\/\/jelove-confiseries.com\/index.php\/wp-json\/wp\/v2\/pages"}],"about":[{"href":"https:\/\/jelove-confiseries.com\/index.php\/wp-json\/wp\/v2\/types\/page"}],"author":[{"embeddable":true,"href":"https:\/\/jelove-confiseries.com\/index.php\/wp-json\/wp\/v2\/users\/1"}],"replies":[{"embeddable":true,"href":"https:\/\/jelove-confiseries.com\/index.php\/wp-json\/wp\/v2\/comments?post=18"}],"version-history":[{"count":16,"href":"https:\/\/jelove-confiseries.com\/index.php\/wp-json\/wp\/v2\/pages\/18\/revisions"}],"predecessor-version":[{"id":419,"href":"https:\/\/jelove-confiseries.com\/index.php\/wp-json\/wp\/v2\/pages\/18\/revisions\/419"}],"wp:attachment":[{"href":"https:\/\/jelove-confiseries.com\/index.php\/wp-json\/wp\/v2\/media?parent=18"}],"curies":[{"name":"wp","href":"https:\/\/api.w.org\/{rel}","templated":true}]}}