{"id":372,"date":"2024-02-13T14:44:37","date_gmt":"2024-02-13T14:44:37","guid":{"rendered":"https:\/\/jelove-confiseries.com\/?page_id=372"},"modified":"2024-02-16T08:50:30","modified_gmt":"2024-02-16T08:50:30","slug":"mentions-legales","status":"publish","type":"page","link":"https:\/\/jelove-confiseries.com\/index.php\/mentions-legales\/","title":{"rendered":"Mentions L\u00e9gales"},"content":{"rendered":"\t\t<div data-elementor-type=\"wp-page\" data-elementor-id=\"372\" class=\"elementor elementor-372\" data-elementor-post-type=\"page\">\n\t\t\t\t\t\t\t<div class=\"elementor-element elementor-element-6f0a61f e-flex e-con-boxed e-con e-parent\" data-id=\"6f0a61f\" data-element_type=\"container\" data-settings=\"{&quot;content_width&quot;:&quot;boxed&quot;}\" data-core-v316-plus=\"true\">\n\t\t\t\t\t<div class=\"e-con-inner\">\n\t\t\t\t<div class=\"elementor-element elementor-element-f0dd090 elementor-widget elementor-widget-text-editor\" data-id=\"f0dd090\" data-element_type=\"widget\" data-widget_type=\"text-editor.default\">\n\t\t\t\t<div class=\"elementor-widget-container\">\n\t\t\t<style>\/*! elementor - v3.18.0 - 20-12-2023 *\/\n.elementor-widget-text-editor.elementor-drop-cap-view-stacked .elementor-drop-cap{background-color:#69727d;color:#fff}.elementor-widget-text-editor.elementor-drop-cap-view-framed .elementor-drop-cap{color:#69727d;border:3px solid;background-color:transparent}.elementor-widget-text-editor:not(.elementor-drop-cap-view-default) .elementor-drop-cap{margin-top:8px}.elementor-widget-text-editor:not(.elementor-drop-cap-view-default) .elementor-drop-cap-letter{width:1em;height:1em}.elementor-widget-text-editor .elementor-drop-cap{float:left;text-align:center;line-height:1;font-size:50px}.elementor-widget-text-editor .elementor-drop-cap-letter{display:inline-block}<\/style>\t\t\t\t<p><b>Si\u00e8ge social:<\/b><\/p>\n<p><span style=\"font-weight: 400;\">SARL <\/span><span style=\"font-weight: 400;\">JELO&rsquo;VE<\/span><\/p>\n<p><span style=\"font-weight: 400;\">5 rue des entrepreneurs 34290 SERVIAN (France)<\/span><span style=\"font-weight: 400;\"><br><\/span><span style=\"font-weight: 400;\">SIRET : 80056502000024<\/span><\/p>\n<p><span style=\"font-weight: 400;\"><\/span><b>Directeur de la publication :&nbsp;<\/b><\/p>\n<p><span style=\"font-weight: 400;\">M Julien GARAPON<\/span><\/p>\n<p><b>H\u00e9bergement :&nbsp;<\/b><\/p>\n<p><span style=\"font-weight: 400;\">Always Data&nbsp;<\/span><\/p>\n<p><span style=\"font-weight: 400;\">91 Rue du Faubourg Saint-Honor\u00e9, 75008 Paris<\/span><\/p>\n<p><span style=\"font-weight: 400;\"><\/span><b>Conception site :&nbsp;<\/b><\/p>\n<p><span style=\"font-weight: 400;\">Ma Com 360<\/span><\/p>\n<p><span style=\"font-weight: 400;\">Avenue Paul Vidal de la Blache, Espace Laser, B\u00e2timent B, 34120 PEZENAS<\/span><\/p>\n<p><b>Droits de reproduction:<\/b><\/p>\n<p><span style=\"font-weight: 400;\">La reproduction de tout ou partie de ce site, sur quelque support que ce soit, est formellement interdite sauf autorisation \u00e9crite et pr\u00e9alable <\/span><span style=\"font-weight: 400;\">SARL <\/span><span style=\"font-weight: 400;\">JELO&rsquo;VE <\/span><span style=\"font-weight: 400;\">sous peine d&rsquo;engager la responsabilit\u00e9 de l&rsquo;utilisateur, conform\u00e9ment aux dispositions des articles L. 122-4 et L. 335.2 du Code de la propri\u00e9t\u00e9 intellectuelle.<\/span><\/p>\n<p><span style=\"font-weight: 400;\">Les documents ne peuvent faire l&rsquo;objet de copies qu&rsquo;\u00e0 titre d&rsquo;information, la copie \u00e9tant r\u00e9serv\u00e9e au seul usage priv\u00e9.<\/span><\/p>\n<p><b>Propri\u00e9t\u00e9 intellectuelle:<\/b><\/p>\n<p><span style=\"font-weight: 400;\">L&rsquo;ensemble du contenu de ce site est la propri\u00e9t\u00e9 de <\/span><span style=\"font-weight: 400;\">SARL <\/span><span style=\"font-weight: 400;\">JELO&rsquo;VE<\/span><span style=\"font-weight: 400;\">.<\/span><\/p>\n<p><span style=\"font-weight: 400;\">Tous droits r\u00e9serv\u00e9s.<\/span><\/p>\n<p><span style=\"font-weight: 400;\">Les logos, marques et visuels cit\u00e9s sur ce site appartiennent \u00e0 leurs propri\u00e9taires respectifs et sont d\u00e9pos\u00e9s aupr\u00e8s de l&rsquo;Institut National de la Propri\u00e9t\u00e9 Industrielle.<\/span><\/p>\n<p><b>Conditions d\u2019utilisation:<\/b><\/p>\n<p><span style=\"font-weight: 400;\">Tout lien avec ce site doit faire l\u2019objet d\u2019une autorisation pr\u00e9alable et \u00e9crite de <\/span><span style=\"font-weight: 400;\">SARL <\/span><span style=\"font-weight: 400;\">JELO&rsquo;VE <\/span><span style=\"font-weight: 400;\">et services associ\u00e9s et ne pourra \u00eatre r\u00e9alis\u00e9 que vers l\u2019adresse de la page d\u2019accueil du site et sous r\u00e9serve de l\u2019int\u00e9gration d\u2019un logo. Malgr\u00e9 les soins apport\u00e9s par <\/span><span style=\"font-weight: 400;\">SARL <\/span><span style=\"font-weight: 400;\">JELO&rsquo;VE<\/span><\/p>\n<p><span style=\"font-weight: 400;\">et services associ\u00e9s, les informations contenues dans ce portail sont donn\u00e9es \u00e0 titre indicatif et sont sujettes \u00e0 changement sans pr\u00e9avis. En cons\u00e9quence, l\u2019utilisateur reconna\u00eet utiliser ces informations sous sa responsabilit\u00e9 exclusive. Il accepte les pr\u00e9sentes conditions d\u2019utilisation. Tout litige portant sur l\u2019interpr\u00e9tation ou l\u2019ex\u00e9cution des pr\u00e9sentes conditions sera de la comp\u00e9tence exclusive des Tribunaux fran\u00e7ais faisant application de la loi fran\u00e7aise.<\/span><\/p>\n<p><span style=\"font-weight: 400;\">L\u2019ensemble des \u00e9l\u00e9ments de ce portail est prot\u00e9g\u00e9 par copyright.<\/span><\/p>\n<p><b>Copyright:<\/b><\/p>\n<p><span style=\"font-weight: 400;\">Toute reproduction ou distribution non autoris\u00e9e des informations de ce site est interdite. Le contenu est disponible pour un usage priv\u00e9 et non collectif.&nbsp;<\/span><\/p>\n<p><span style=\"font-weight: 400;\">La repr\u00e9sentation ou reproduction, par quelque proc\u00e9d\u00e9 que ce soit des informations de ce site constituerait une contrefa\u00e7on sanctionn\u00e9e par les articles L. 335-2 et suivants du code de la propri\u00e9t\u00e9 intellectuelle.&nbsp;<\/span><\/p>\n<p><span style=\"font-weight: 400;\">Le code de la propri\u00e9t\u00e9 intellectuelle n\u2019autorise, aux termes de l\u2019article L. 122-5.2\u00b0 et 3\u00b0a, d\u2019une part, que les \u201d copies ou reproductions strictement r\u00e9serv\u00e9es \u00e0 l\u2019usage priv\u00e9 du copiste et non destin\u00e9es \u00e0 une utilisation collective \u201d et, d\u2019autre part, que les analyses et les courtes citations dans un but d\u2019exemple et d\u2019illustration, \u201d toute repr\u00e9sentation ou reproduction int\u00e9grale ou partielle faite sans le consentement de l\u2019auteur ou de ses ayants droit ou ayants cause est illicite \u201d (art. L. 122-4).<\/span><\/p>\n<p><b>Bases de donn\u00e9es:<\/b><\/p>\n<p><span style=\"font-weight: 400;\">Conform\u00e9ment aux dispositions de la loi n\u00b0 98-536 du 1er juillet 1998 portant transposition dans le code de la propri\u00e9t\u00e9 intellectuelle de la directive 96\/9 CE du 11 mars 1996 concernant la protection juridique des bases de donn\u00e9es, <\/span><span style=\"font-weight: 400;\">SARL <\/span><span style=\"font-weight: 400;\">JELO&rsquo;VE<\/span><\/p>\n<p><span style=\"font-weight: 400;\">&nbsp;est producteur et propri\u00e9taire de tout ou partie des bases de donn\u00e9es composant le pr\u00e9sent site. Les donn\u00e9es composant ce site sont l\u00e9galement prot\u00e9g\u00e9es, et, conform\u00e9ment aux dispositions de la loi du 01\/07\/98 pr\u00e9cit\u00e9e, il vous est interdit d\u2019extraire, r\u00e9utiliser, stocker, reproduire repr\u00e9senter ou conserver, directement ou indirectement, sur un support quelconque, par tout moyen et sous toute forme que ce soit, tout ou partie du contenu des bases de donn\u00e9es figurant dans le site auquel vous acc\u00e9dez lorsque ces op\u00e9rations exc\u00e8dent manifestement les conditions d\u2019utilisation normale.<\/span><\/p>\n<p><b>Informatiques et libert\u00e9s (CNIL):<\/b><\/p>\n<p><span style=\"font-weight: 400;\">Conform\u00e9ment \u00e0 la loi, vous disposez d\u2019un droit d\u2019acc\u00e8s et de rectification aux informations nominatives vous concernant \u00e0 l\u2019adresse suivante :<\/span><b> sarljelove@gmail.com<\/b><\/p>\n<p><b>&nbsp;ou par courrier \u00e0 <\/b><span style=\"font-weight: 400;\">SARL <\/span><span style=\"font-weight: 400;\">JELO&rsquo;VE.<\/span><\/p>\t\t\t\t\t\t<\/div>\n\t\t\t\t<\/div>\n\t\t\t\t\t<\/div>\n\t\t\t\t<\/div>\n\t\t\t\t\t\t\t<\/div>\n\t\t","protected":false},"excerpt":{"rendered":"<p>Si\u00e8ge social: SARL JELO&rsquo;VE 5 rue des entrepreneurs 34290 SERVIAN (France)SIRET : 80056502000024 Directeur de la publication :&nbsp; M Julien GARAPON H\u00e9bergement :&nbsp; Always Data&nbsp; 91 Rue du Faubourg Saint-Honor\u00e9, 75008 Paris Conception site :&nbsp; Ma Com 360 Avenue Paul Vidal de la Blache, Espace Laser, B\u00e2timent B, 34120 PEZENAS Droits de reproduction: La reproduction [&hellip;]<\/p>\n","protected":false},"author":2,"featured_media":0,"parent":0,"menu_order":0,"comment_status":"closed","ping_status":"closed","template":"","meta":{"footnotes":""},"class_list":["post-372","page","type-page","status-publish","hentry"],"_links":{"self":[{"href":"https:\/\/jelove-confiseries.com\/index.php\/wp-json\/wp\/v2\/pages\/372","targetHints":{"allow":["GET"]}}],"collection":[{"href":"https:\/\/jelove-confiseries.com\/index.php\/wp-json\/wp\/v2\/pages"}],"about":[{"href":"https:\/\/jelove-confiseries.com\/index.php\/wp-json\/wp\/v2\/types\/page"}],"author":[{"embeddable":true,"href":"https:\/\/jelove-confiseries.com\/index.php\/wp-json\/wp\/v2\/users\/2"}],"replies":[{"embeddable":true,"href":"https:\/\/jelove-confiseries.com\/index.php\/wp-json\/wp\/v2\/comments?post=372"}],"version-history":[{"count":16,"href":"https:\/\/jelove-confiseries.com\/index.php\/wp-json\/wp\/v2\/pages\/372\/revisions"}],"predecessor-version":[{"id":407,"href":"https:\/\/jelove-confiseries.com\/index.php\/wp-json\/wp\/v2\/pages\/372\/revisions\/407"}],"wp:attachment":[{"href":"https:\/\/jelove-confiseries.com\/index.php\/wp-json\/wp\/v2\/media?parent=372"}],"curies":[{"name":"wp","href":"https:\/\/api.w.org\/{rel}","templated":true}]}}