{"id":487,"date":"2024-03-20T16:15:54","date_gmt":"2024-03-20T16:15:54","guid":{"rendered":"https:\/\/jelove-confiseries.com\/?page_id=487"},"modified":"2024-03-20T16:26:38","modified_gmt":"2024-03-20T16:26:38","slug":"buches","status":"publish","type":"page","link":"https:\/\/jelove-confiseries.com\/index.php\/buches\/","title":{"rendered":"B\u00fbches"},"content":{"rendered":"\t\t<div data-elementor-type=\"wp-page\" data-elementor-id=\"487\" class=\"elementor elementor-487\" data-elementor-post-type=\"page\">\n\t\t\t\t\t\t\t\t\t<section class=\"elementor-section elementor-top-section elementor-element elementor-element-4e7186b elementor-section-boxed elementor-section-height-default elementor-section-height-default\" data-id=\"4e7186b\" data-element_type=\"section\" data-settings=\"{&quot;background_background&quot;:&quot;classic&quot;}\">\n\t\t\t\t\t\t\t<div class=\"elementor-background-overlay\"><\/div>\n\t\t\t\t\t\t\t<div class=\"elementor-container elementor-column-gap-default\">\n\t\t\t\t\t<div class=\"elementor-column elementor-col-100 elementor-top-column elementor-element elementor-element-c0e8abb\" data-id=\"c0e8abb\" data-element_type=\"column\">\n\t\t\t<div class=\"elementor-widget-wrap elementor-element-populated\">\n\t\t\t\t\t\t\t\t<section class=\"elementor-section elementor-inner-section elementor-element elementor-element-cdce26a elementor-section-boxed elementor-section-height-default elementor-section-height-default\" data-id=\"cdce26a\" data-element_type=\"section\">\n\t\t\t\t\t\t<div class=\"elementor-container elementor-column-gap-default\">\n\t\t\t\t\t<div class=\"elementor-column elementor-col-33 elementor-inner-column elementor-element elementor-element-ed7a81f\" data-id=\"ed7a81f\" data-element_type=\"column\">\n\t\t\t<div class=\"elementor-widget-wrap elementor-element-populated\">\n\t\t\t\t\t\t\t\t<div class=\"elementor-element elementor-element-8f98f33 elementor-widget elementor-widget-image\" data-id=\"8f98f33\" data-element_type=\"widget\" data-widget_type=\"image.default\">\n\t\t\t\t<div class=\"elementor-widget-container\">\n\t\t\t<style>\/*! elementor - v3.18.0 - 20-12-2023 *\/\n.elementor-widget-image{text-align:center}.elementor-widget-image a{display:inline-block}.elementor-widget-image a img[src$=\".svg\"]{width:48px}.elementor-widget-image img{vertical-align:middle;display:inline-block}<\/style>\t\t\t\t\t\t\t\t\t\t\t\t<img decoding=\"async\" width=\"300\" height=\"151\" src=\"https:\/\/jelove-confiseries.com\/wp-content\/uploads\/2024\/03\/buche-anniversaires--e1710951994484-300x151.webp\" class=\"elementor-animation-grow attachment-medium size-medium wp-image-490\" alt=\"\" srcset=\"https:\/\/jelove-confiseries.com\/wp-content\/uploads\/2024\/03\/buche-anniversaires--e1710951994484-300x151.webp 300w, https:\/\/jelove-confiseries.com\/wp-content\/uploads\/2024\/03\/buche-anniversaires--e1710951994484.webp 674w\" sizes=\"(max-width: 300px) 100vw, 300px\" \/>\t\t\t\t\t\t\t\t\t\t\t\t\t\t\t<\/div>\n\t\t\t\t<\/div>\n\t\t\t\t<div class=\"elementor-element elementor-element-a9803d8 elementor-invisible elementor-widget elementor-widget-heading\" data-id=\"a9803d8\" data-element_type=\"widget\" data-settings=\"{&quot;_animation&quot;:&quot;fadeInDown&quot;}\" data-widget_type=\"heading.default\">\n\t\t\t\t<div class=\"elementor-widget-container\">\n\t\t\t<style>\/*! elementor - v3.18.0 - 20-12-2023 *\/\n.elementor-heading-title{padding:0;margin:0;line-height:1}.elementor-widget-heading .elementor-heading-title[class*=elementor-size-]>a{color:inherit;font-size:inherit;line-height:inherit}.elementor-widget-heading .elementor-heading-title.elementor-size-small{font-size:15px}.elementor-widget-heading .elementor-heading-title.elementor-size-medium{font-size:19px}.elementor-widget-heading .elementor-heading-title.elementor-size-large{font-size:29px}.elementor-widget-heading .elementor-heading-title.elementor-size-xl{font-size:39px}.elementor-widget-heading .elementor-heading-title.elementor-size-xxl{font-size:59px}<\/style><h2 class=\"elementor-heading-title elementor-size-default\">B\u00fbche anniversaire<\/h2>\t\t<\/div>\n\t\t\t\t<\/div>\n\t\t\t\t\t<\/div>\n\t\t<\/div>\n\t\t\t\t<div class=\"elementor-column elementor-col-33 elementor-inner-column elementor-element elementor-element-af31ceb\" data-id=\"af31ceb\" data-element_type=\"column\">\n\t\t\t<div class=\"elementor-widget-wrap elementor-element-populated\">\n\t\t\t\t\t\t\t\t<div class=\"elementor-element elementor-element-6506a99 elementor-widget elementor-widget-image\" data-id=\"6506a99\" data-element_type=\"widget\" data-widget_type=\"image.default\">\n\t\t\t\t<div class=\"elementor-widget-container\">\n\t\t\t\t\t\t\t\t\t\t\t\t\t\t\t<img decoding=\"async\" width=\"300\" height=\"149\" src=\"https:\/\/jelove-confiseries.com\/wp-content\/uploads\/2024\/03\/buche-de-la-ferme-e1710951652920-300x149.webp\" class=\"elementor-animation-grow attachment-medium size-medium wp-image-494\" alt=\"\" srcset=\"https:\/\/jelove-confiseries.com\/wp-content\/uploads\/2024\/03\/buche-de-la-ferme-e1710951652920-300x149.webp 300w, https:\/\/jelove-confiseries.com\/wp-content\/uploads\/2024\/03\/buche-de-la-ferme-e1710951652920-768x381.webp 768w, https:\/\/jelove-confiseries.com\/wp-content\/uploads\/2024\/03\/buche-de-la-ferme-e1710951652920.webp 791w\" sizes=\"(max-width: 300px) 100vw, 300px\" \/>\t\t\t\t\t\t\t\t\t\t\t\t\t\t\t<\/div>\n\t\t\t\t<\/div>\n\t\t\t\t<div class=\"elementor-element elementor-element-c855394 elementor-invisible elementor-widget elementor-widget-heading\" data-id=\"c855394\" data-element_type=\"widget\" data-settings=\"{&quot;_animation&quot;:&quot;fadeInDown&quot;}\" data-widget_type=\"heading.default\">\n\t\t\t\t<div class=\"elementor-widget-container\">\n\t\t\t<h2 class=\"elementor-heading-title elementor-size-default\">B\u00fbche de la ferme<\/h2>\t\t<\/div>\n\t\t\t\t<\/div>\n\t\t\t\t\t<\/div>\n\t\t<\/div>\n\t\t\t\t<div class=\"elementor-column elementor-col-33 elementor-inner-column elementor-element elementor-element-08846b1\" data-id=\"08846b1\" data-element_type=\"column\">\n\t\t\t<div class=\"elementor-widget-wrap elementor-element-populated\">\n\t\t\t\t\t\t\t\t<div class=\"elementor-element elementor-element-a4c87bb elementor-widget elementor-widget-image\" data-id=\"a4c87bb\" data-element_type=\"widget\" data-widget_type=\"image.default\">\n\t\t\t\t<div class=\"elementor-widget-container\">\n\t\t\t\t\t\t\t\t\t\t\t\t\t\t\t<img decoding=\"async\" width=\"300\" height=\"141\" src=\"https:\/\/jelove-confiseries.com\/wp-content\/uploads\/2024\/03\/buche-delice-e1710951706522-300x141.webp\" class=\"elementor-animation-grow attachment-medium size-medium wp-image-498\" alt=\"\" srcset=\"https:\/\/jelove-confiseries.com\/wp-content\/uploads\/2024\/03\/buche-delice-e1710951706522-300x141.webp 300w, https:\/\/jelove-confiseries.com\/wp-content\/uploads\/2024\/03\/buche-delice-e1710951706522.webp 752w\" sizes=\"(max-width: 300px) 100vw, 300px\" \/>\t\t\t\t\t\t\t\t\t\t\t\t\t\t\t<\/div>\n\t\t\t\t<\/div>\n\t\t\t\t<div class=\"elementor-element elementor-element-29bc9cd elementor-invisible elementor-widget elementor-widget-heading\" data-id=\"29bc9cd\" data-element_type=\"widget\" data-settings=\"{&quot;_animation&quot;:&quot;fadeInDown&quot;}\" data-widget_type=\"heading.default\">\n\t\t\t\t<div class=\"elementor-widget-container\">\n\t\t\t<h2 class=\"elementor-heading-title elementor-size-default\">B\u00fbche d\u00e9lice<\/h2>\t\t<\/div>\n\t\t\t\t<\/div>\n\t\t\t\t\t<\/div>\n\t\t<\/div>\n\t\t\t\t\t\t\t<\/div>\n\t\t<\/section>\n\t\t\t\t<section class=\"elementor-section elementor-inner-section elementor-element elementor-element-cc8e067 elementor-section-boxed elementor-section-height-default elementor-section-height-default\" data-id=\"cc8e067\" data-element_type=\"section\">\n\t\t\t\t\t\t<div class=\"elementor-container elementor-column-gap-default\">\n\t\t\t\t\t<div class=\"elementor-column elementor-col-33 elementor-inner-column elementor-element elementor-element-3f7ac0b\" data-id=\"3f7ac0b\" data-element_type=\"column\">\n\t\t\t<div class=\"elementor-widget-wrap elementor-element-populated\">\n\t\t\t\t\t\t\t\t<div class=\"elementor-element elementor-element-6334d9d elementor-widget elementor-widget-image\" data-id=\"6334d9d\" data-element_type=\"widget\" data-widget_type=\"image.default\">\n\t\t\t\t<div class=\"elementor-widget-container\">\n\t\t\t\t\t\t\t\t\t\t\t\t\t\t\t<img loading=\"lazy\" decoding=\"async\" width=\"300\" height=\"143\" src=\"https:\/\/jelove-confiseries.com\/wp-content\/uploads\/2024\/03\/buche-des-OEles-e1710951765523-300x143.webp\" class=\"elementor-animation-grow attachment-medium size-medium wp-image-502\" alt=\"\" srcset=\"https:\/\/jelove-confiseries.com\/wp-content\/uploads\/2024\/03\/buche-des-OEles-e1710951765523-300x143.webp 300w, https:\/\/jelove-confiseries.com\/wp-content\/uploads\/2024\/03\/buche-des-OEles-e1710951765523.webp 766w\" sizes=\"(max-width: 300px) 100vw, 300px\" \/>\t\t\t\t\t\t\t\t\t\t\t\t\t\t\t<\/div>\n\t\t\t\t<\/div>\n\t\t\t\t<div class=\"elementor-element elementor-element-f64d833 elementor-invisible elementor-widget elementor-widget-heading\" data-id=\"f64d833\" data-element_type=\"widget\" data-settings=\"{&quot;_animation&quot;:&quot;fadeInDown&quot;}\" data-widget_type=\"heading.default\">\n\t\t\t\t<div class=\"elementor-widget-container\">\n\t\t\t<h2 class=\"elementor-heading-title elementor-size-default\">B\u00fbche des \u0152les<\/h2>\t\t<\/div>\n\t\t\t\t<\/div>\n\t\t\t\t\t<\/div>\n\t\t<\/div>\n\t\t\t\t<div class=\"elementor-column elementor-col-33 elementor-inner-column elementor-element elementor-element-7c0828f\" data-id=\"7c0828f\" data-element_type=\"column\">\n\t\t\t<div class=\"elementor-widget-wrap elementor-element-populated\">\n\t\t\t\t\t\t\t\t<div class=\"elementor-element elementor-element-dd61277 elementor-widget elementor-widget-image\" data-id=\"dd61277\" data-element_type=\"widget\" data-widget_type=\"image.default\">\n\t\t\t\t<div class=\"elementor-widget-container\">\n\t\t\t\t\t\t\t\t\t\t\t\t\t\t\t<img loading=\"lazy\" decoding=\"async\" width=\"300\" height=\"159\" src=\"https:\/\/jelove-confiseries.com\/wp-content\/uploads\/2024\/03\/buche-florale-e1710951831837-300x159.webp\" class=\"elementor-animation-grow attachment-medium size-medium wp-image-506\" alt=\"\" srcset=\"https:\/\/jelove-confiseries.com\/wp-content\/uploads\/2024\/03\/buche-florale-e1710951831837-300x159.webp 300w, https:\/\/jelove-confiseries.com\/wp-content\/uploads\/2024\/03\/buche-florale-e1710951831837.webp 668w\" sizes=\"(max-width: 300px) 100vw, 300px\" \/>\t\t\t\t\t\t\t\t\t\t\t\t\t\t\t<\/div>\n\t\t\t\t<\/div>\n\t\t\t\t<div class=\"elementor-element elementor-element-19a0d82 elementor-invisible elementor-widget elementor-widget-heading\" data-id=\"19a0d82\" data-element_type=\"widget\" data-settings=\"{&quot;_animation&quot;:&quot;fadeInDown&quot;}\" data-widget_type=\"heading.default\">\n\t\t\t\t<div class=\"elementor-widget-container\">\n\t\t\t<h2 class=\"elementor-heading-title elementor-size-default\">B\u00fbche florale<\/h2>\t\t<\/div>\n\t\t\t\t<\/div>\n\t\t\t\t\t<\/div>\n\t\t<\/div>\n\t\t\t\t<div class=\"elementor-column elementor-col-33 elementor-inner-column elementor-element elementor-element-7a1a6fc\" data-id=\"7a1a6fc\" data-element_type=\"column\">\n\t\t\t<div class=\"elementor-widget-wrap elementor-element-populated\">\n\t\t\t\t\t\t\t\t<div class=\"elementor-element elementor-element-474ece1 elementor-widget elementor-widget-image\" data-id=\"474ece1\" data-element_type=\"widget\" data-widget_type=\"image.default\">\n\t\t\t\t<div class=\"elementor-widget-container\">\n\t\t\t\t\t\t\t\t\t\t\t\t\t\t\t<img loading=\"lazy\" decoding=\"async\" width=\"300\" height=\"151\" src=\"https:\/\/jelove-confiseries.com\/wp-content\/uploads\/2024\/03\/buche-tendresse--e1710951889733-300x151.webp\" class=\"elementor-animation-grow attachment-medium size-medium wp-image-510\" alt=\"\" srcset=\"https:\/\/jelove-confiseries.com\/wp-content\/uploads\/2024\/03\/buche-tendresse--e1710951889733-300x151.webp 300w, https:\/\/jelove-confiseries.com\/wp-content\/uploads\/2024\/03\/buche-tendresse--e1710951889733.webp 709w\" sizes=\"(max-width: 300px) 100vw, 300px\" \/>\t\t\t\t\t\t\t\t\t\t\t\t\t\t\t<\/div>\n\t\t\t\t<\/div>\n\t\t\t\t<div class=\"elementor-element elementor-element-af250bd elementor-invisible elementor-widget elementor-widget-heading\" data-id=\"af250bd\" data-element_type=\"widget\" data-settings=\"{&quot;_animation&quot;:&quot;fadeInDown&quot;}\" data-widget_type=\"heading.default\">\n\t\t\t\t<div class=\"elementor-widget-container\">\n\t\t\t<h2 class=\"elementor-heading-title elementor-size-default\">B\u00fbche tendresse<\/h2>\t\t<\/div>\n\t\t\t\t<\/div>\n\t\t\t\t\t<\/div>\n\t\t<\/div>\n\t\t\t\t\t\t\t<\/div>\n\t\t<\/section>\n\t\t\t\t\t<\/div>\n\t\t<\/div>\n\t\t\t\t\t\t\t<\/div>\n\t\t<\/section>\n\t\t\t\t\t\t\t<\/div>\n\t\t","protected":false},"excerpt":{"rendered":"<p>B\u00fbche anniversaire B\u00fbche de la ferme B\u00fbche d\u00e9lice B\u00fbche des \u0152les B\u00fbche florale B\u00fbche tendresse<\/p>\n","protected":false},"author":4,"featured_media":0,"parent":0,"menu_order":0,"comment_status":"closed","ping_status":"closed","template":"","meta":{"footnotes":""},"class_list":["post-487","page","type-page","status-publish","hentry"],"_links":{"self":[{"href":"https:\/\/jelove-confiseries.com\/index.php\/wp-json\/wp\/v2\/pages\/487","targetHints":{"allow":["GET"]}}],"collection":[{"href":"https:\/\/jelove-confiseries.com\/index.php\/wp-json\/wp\/v2\/pages"}],"about":[{"href":"https:\/\/jelove-confiseries.com\/index.php\/wp-json\/wp\/v2\/types\/page"}],"author":[{"embeddable":true,"href":"https:\/\/jelove-confiseries.com\/index.php\/wp-json\/wp\/v2\/users\/4"}],"replies":[{"embeddable":true,"href":"https:\/\/jelove-confiseries.com\/index.php\/wp-json\/wp\/v2\/comments?post=487"}],"version-history":[{"count":28,"href":"https:\/\/jelove-confiseries.com\/index.php\/wp-json\/wp\/v2\/pages\/487\/revisions"}],"predecessor-version":[{"id":522,"href":"https:\/\/jelove-confiseries.com\/index.php\/wp-json\/wp\/v2\/pages\/487\/revisions\/522"}],"wp:attachment":[{"href":"https:\/\/jelove-confiseries.com\/index.php\/wp-json\/wp\/v2\/media?parent=487"}],"curies":[{"name":"wp","href":"https:\/\/api.w.org\/{rel}","templated":true}]}}